{"id":893,"date":"2024-12-03T13:05:23","date_gmt":"2024-12-03T13:05:23","guid":{"rendered":"https:\/\/testdigar2.rara.ee\/uhiskonnauuringud\/"},"modified":"2025-11-21T10:43:09","modified_gmt":"2025-11-21T10:43:09","slug":"society-studies","status":"publish","type":"page","link":"https:\/\/demo.digar.ee\/en\/thematic-pages\/society-studies\/","title":{"rendered":"Society studies"},"content":{"rendered":"    <div class=\"py-10 lg:py-16 space-y-6 md:space-y-10\" id=\"viimased-uuringud\">\n        <div class=\"flex flex-col sm:flex-row gap-2 md:gap-8 justify-between sm:items-center\">\n                            <h2 class=\"h1 !m-0\">Latest studies<\/h2>\n                                            <div class=\"\">\n                        <a href=\"https:\/\/demo.digar.ee\/otsing\/?keyword=%5B%7B%22external_id%22%3A%22EMS005985%22%2C%22name%22%3A%22uuringud%22%7D%5D&#038;fields=all\" class=\"btn btn--neutral gap-x-2\">\n                            View all                            <v-icon-arrow-right><\/v-icon-arrow-right>\n                        <\/a>\n                    <\/div>\n                        <\/div>\n        <div class=\"flex flex-wrap gap-y-6 lg:gap-y-10 md:-mx-3\">\n                                <div class=\"flex flex-col gap-4 basis-full md:basis-1\/2 md:px-3\">\n                        <a class=\"block no-underline hover:underline\" href=\"\/en\/id\/b6036522-vortsjarve-olulisemate-toonduslike-kalaliikide-varude-seisundi-hindamine-2025-aastal-aruanne\">\n                            <h3 class=\"h4 !m-0 !hyphens-none\">V\u00f5rtsj\u00e4rve olulisemate t\u00f6\u00f6nduslike kalaliikide varude seisundi hindamine 2025. aastal : aruanne<\/h3>\n                        <\/a>\n\n                                                    <div class=\"flex flex-wrap gap-x-2\">\n                                                                    <span class=\"text-body-sm\">Date of publication: 2026<\/span>\n                                                                                                    <span class=\"text-body-sm\" aria-hidden=\"true\">|<\/span>\n                                                                                                    <span class=\"text-body-sm\">\n                                        Author: Teesalu, Paul                                    <\/span>\n                                                            <\/div>\n                                            <\/div>\n                                                <div class=\"flex flex-col gap-4 basis-full md:basis-1\/2 md:px-3\">\n                        <a class=\"block no-underline hover:underline\" href=\"\/en\/id\/b6037135-ravimijaatmete-tekke-ennetamine-oppetoo-raames-valminud-uuringu-raport\">\n                            <h3 class=\"h4 !m-0 !hyphens-none\">Ravimij\u00e4\u00e4tmete tekke ennetamine : \u00f5ppet\u00f6\u00f6 raames valminud uuringu raport<\/h3>\n                        <\/a>\n\n                                                    <div class=\"flex flex-wrap gap-x-2\">\n                                                                    <span class=\"text-body-sm\">Date of publication: 2026<\/span>\n                                                                                                                            <\/div>\n                                            <\/div>\n                                                <div class=\"flex flex-col gap-4 basis-full md:basis-1\/2 md:px-3\">\n                        <a class=\"block no-underline hover:underline\" href=\"\/en\/id\/b6034932-ravimijaatmete-kogumise-moodulid-apteekidesse-uuringuaruanne-periood-15-mai-15-detsember-2025\">\n                            <h3 class=\"h4 !m-0 !hyphens-none\">Ravimij\u00e4\u00e4tmete kogumise moodulid apteekidesse : uuringuaruanne : periood: 15. mai \u2013 15. detsember 2025<\/h3>\n                        <\/a>\n\n                                                    <div class=\"flex flex-wrap gap-x-2\">\n                                                                    <span class=\"text-body-sm\">Date of publication: [2026]<\/span>\n                                                                                                                            <\/div>\n                                            <\/div>\n                                                <div class=\"flex flex-col gap-4 basis-full md:basis-1\/2 md:px-3\">\n                        <a class=\"block no-underline hover:underline\" href=\"\/en\/id\/b6037751-pollumajandustoote-ja-toidu-tarneahelas-ebaausa-kaubandustava-tokestamise-seaduse-jarelhindamine-lopparuanne\">\n                            <h3 class=\"h4 !m-0 !hyphens-none\">P\u00f5llumajandustoote ja toidu tarneahelas ebaausa kaubandustava t\u00f5kestamise seaduse j\u00e4relhindamine : l\u00f5pparuanne<\/h3>\n                        <\/a>\n\n                                                    <div class=\"flex flex-wrap gap-x-2\">\n                                                                    <span class=\"text-body-sm\">Date of publication: 2026<\/span>\n                                                                                                                            <\/div>\n                                            <\/div>\n                                                <div class=\"flex flex-col gap-4 basis-full md:basis-1\/2 md:px-3\">\n                        <a class=\"block no-underline hover:underline\" href=\"\/en\/id\/b6032995-projekt-malev-moistliku-kasumi-suuruse-analuus-maakonnaliinidel\">\n                            <h3 class=\"h4 !m-0 !hyphens-none\">Projekt Malev : m\u00f5istliku kasumi suuruse anal\u00fc\u00fcs maakonnaliinidel<\/h3>\n                        <\/a>\n\n                                                    <div class=\"flex flex-wrap gap-x-2\">\n                                                                    <span class=\"text-body-sm\">Date of publication: 2026<\/span>\n                                                                                                                            <\/div>\n                                            <\/div>\n                                                <div class=\"flex flex-col gap-4 basis-full md:basis-1\/2 md:px-3\">\n                        <a class=\"block no-underline hover:underline\" href=\"\/en\/id\/b6038824-kaibemaksuerisuse-kasutamisest-toiduainete-hinnataseme-langetamiseks\">\n                            <h3 class=\"h4 !m-0 !hyphens-none\">K\u00e4ibemaksuerisuse kasutamisest toiduainete hinnataseme langetamiseks<\/h3>\n                        <\/a>\n\n                                                    <div class=\"flex flex-wrap gap-x-2\">\n                                                                    <span class=\"text-body-sm\">Date of publication: 2025<\/span>\n                                                                                                    <span class=\"text-body-sm\" aria-hidden=\"true\">|<\/span>\n                                                                                                    <span class=\"text-body-sm\">\n                                        Author: Aben, Madis                                    <\/span>\n                                                            <\/div>\n                                            <\/div>\n                                    <\/div>\n    <\/div>\n\n\n\n    <section class=\"newsletter relative bg-overflow-color bg-overflow\" style=\"--bgOverflowColor: #FFF1C2;\" id=\"uudiskiri\">\n        <div class=\"flex flex-col md:flex-row w-full md:gap-6 lg:gap-10 py-8 md:py-0\">\n            <div class=\"flex flex-1 py-8 lg:py-16 gap-8 flex-col \">\n                                    <div class=\"w-full space-y-8 md:space-y-4\">\n                                                    <h2 class=\"!m-0 h1 lg:h-display-desktop\">Notification of new studies<\/h2>\n                                                                            <div class=\"*:text-body-lg *:!hyphens-none\"><p>You can subscribe to receive notifications of new research to your email.<\/p>\n<\/div>\n                                            <\/div>\n                                <form action=\"https:\/\/digar.sendsmaily.net\/api\/opt-in\/\" class=\"js-subscribe-form w-full max-w-[328px]\" method=\"post\">\n                    <input type=\"hidden\" name=\"lang\" value=\"en\" \/>\n                    <input type=\"hidden\" name=\"success_url\" value=\"https:\/\/demo.digar.ee\/en\/wp-json\/wp\/v2\/pages\/893\/\" \/>\n                    <input type=\"hidden\" name=\"failure_url\" value=\"https:\/\/demo.digar.ee\/en\/wp-json\/wp\/v2\/pages\/893\/\" \/>\n                                            <input type=\"hidden\" name=\"uhiskonnauuringud\" value=\"Jah\" \/>\n                                        <div class=\"space-y-5\">\n                        <v-input-general :atts='{\"name\":\"email\",\"id\":\"subscriber-email\",\"required\":true,\"label\":\"E-mail\",\"error\":\"Check e-mail\",\"legend\":\"Email input field\",\"type\":\"email\",\"placeholder\":\"Enter e-mail\"}'><\/v-input-general>\n                        <v-input-checkbox :atts='{\"name\":\"subscriber_consent\",\"id\":\"subscriber-consent\",\"value\":\"Jah\",\"required\":true,\"label\":\"I agree to the processing of personal data.\",\"error\":\"Agree to the processing of personal data\",\"legend\":\"Privacy policy consent\",\"size\":\"sm\"}'><\/v-input-checkbox>\n                        <button class=\"btn btn--secondary\" type=\"submit\" data-subscribe=\"submit\">Subscribe to the newsletter<\/button>\n                    <\/div>\n                <\/form>\n            <\/div>\n    \n                            <div class=\"hidden md:flex flex-1 md:max-w-[calc(50%-12px)] lg:max-w-[calc(50%-20px)]\">\n                    <div class=\"relative -ml-4 md:ml-0 -mr-4 w-[calc(100vw\/2)] min-[1344px]:mr-[calc((-100vw+1312px)\/2)]\">\n                        <div class=\"relative w-full h-full\">\n                            <img decoding=\"async\" src=\"https:\/\/demo.digar.ee\/wp-content\/uploads\/2024\/12\/binder-stack.jpeg\" alt=\"\" role=\"presentation\" class=\"absolute inset-0 w-full h-full object-center object-cover\" loading=\"lazy\">\n                        <\/div>\n                    <\/div>\n                <\/div>\n                    <\/div>\n    <\/section>\n\n    <v-item-newsletter-subscribe-dialog \n        success-content=\"Thank you for subscribing!\" \n        success-title=\"Successfully subscribed.\"\n        failure-content=\"An error occurred. Please try again later.\"\n        failure-title=\"Failed to subscribe.\"\n        >\n    <\/v-item-newsletter-subscribe-dialog>\n\n\n","protected":false},"excerpt":{"rendered":"","protected":false},"author":12,"featured_media":0,"parent":852,"menu_order":0,"comment_status":"closed","ping_status":"closed","template":"page-themes.php","meta":{"_acf_changed":false,"footnotes":""},"class_list":["post-893","page","type-page","status-publish","hentry"],"acf":[],"yoast_head":"<!-- This site is optimized with the Yoast SEO plugin v27.4 - https:\/\/yoast.com\/product\/yoast-seo-wordpress\/ -->\n<title>Society studies - DIGAR<\/title>\n<meta name=\"robots\" content=\"noindex, follow, max-snippet:-1, max-image-preview:large, max-video-preview:-1\" \/>\n<meta property=\"og:locale\" content=\"en_US\" \/>\n<meta property=\"og:type\" content=\"article\" \/>\n<meta property=\"og:title\" content=\"Society studies - DIGAR\" \/>\n<meta property=\"og:url\" content=\"https:\/\/demo.digar.ee\/en\/society-studies\/\" \/>\n<meta property=\"og:site_name\" content=\"DIGAR\" \/>\n<meta property=\"article:modified_time\" content=\"2025-11-21T10:43:09+00:00\" \/>\n<meta name=\"twitter:card\" content=\"summary_large_image\" \/>\n<script type=\"application\/ld+json\" class=\"yoast-schema-graph\">{\"@context\":\"https:\\\/\\\/schema.org\",\"@graph\":[{\"@type\":\"WebPage\",\"@id\":\"https:\\\/\\\/demo.digar.ee\\\/en\\\/society-studies\\\/\",\"url\":\"https:\\\/\\\/demo.digar.ee\\\/en\\\/society-studies\\\/\",\"name\":\"Society studies - DIGAR\",\"isPartOf\":{\"@id\":\"https:\\\/\\\/demo.digar.ee\\\/#website\"},\"datePublished\":\"2024-12-03T13:05:23+00:00\",\"dateModified\":\"2025-11-21T10:43:09+00:00\",\"breadcrumb\":{\"@id\":\"https:\\\/\\\/demo.digar.ee\\\/en\\\/society-studies\\\/#breadcrumb\"},\"inLanguage\":\"en-US\",\"potentialAction\":[{\"@type\":\"ReadAction\",\"target\":[\"https:\\\/\\\/demo.digar.ee\\\/en\\\/society-studies\\\/\"]}]},{\"@type\":\"BreadcrumbList\",\"@id\":\"https:\\\/\\\/demo.digar.ee\\\/en\\\/society-studies\\\/#breadcrumb\",\"itemListElement\":[{\"@type\":\"ListItem\",\"position\":1,\"name\":\"Home\",\"item\":\"https:\\\/\\\/demo.digar.ee\\\/en\\\/\"},{\"@type\":\"ListItem\",\"position\":2,\"name\":\"Society studies\"}]},{\"@type\":\"WebSite\",\"@id\":\"https:\\\/\\\/demo.digar.ee\\\/#website\",\"url\":\"https:\\\/\\\/demo.digar.ee\\\/\",\"name\":\"DIGAR\",\"description\":\"\",\"potentialAction\":[{\"@type\":\"SearchAction\",\"target\":{\"@type\":\"EntryPoint\",\"urlTemplate\":\"https:\\\/\\\/demo.digar.ee\\\/?s={search_term_string}\"},\"query-input\":{\"@type\":\"PropertyValueSpecification\",\"valueRequired\":true,\"valueName\":\"search_term_string\"}}],\"inLanguage\":\"en-US\"}]}<\/script>\n<!-- \/ Yoast SEO plugin. -->","yoast_head_json":{"title":"Society studies - DIGAR","robots":{"index":"noindex","follow":"follow","max-snippet":"max-snippet:-1","max-image-preview":"max-image-preview:large","max-video-preview":"max-video-preview:-1"},"og_locale":"en_US","og_type":"article","og_title":"Society studies - DIGAR","og_url":"https:\/\/demo.digar.ee\/en\/society-studies\/","og_site_name":"DIGAR","article_modified_time":"2025-11-21T10:43:09+00:00","twitter_card":"summary_large_image","schema":{"@context":"https:\/\/schema.org","@graph":[{"@type":"WebPage","@id":"https:\/\/demo.digar.ee\/en\/society-studies\/","url":"https:\/\/demo.digar.ee\/en\/society-studies\/","name":"Society studies - DIGAR","isPartOf":{"@id":"https:\/\/demo.digar.ee\/#website"},"datePublished":"2024-12-03T13:05:23+00:00","dateModified":"2025-11-21T10:43:09+00:00","breadcrumb":{"@id":"https:\/\/demo.digar.ee\/en\/society-studies\/#breadcrumb"},"inLanguage":"en-US","potentialAction":[{"@type":"ReadAction","target":["https:\/\/demo.digar.ee\/en\/society-studies\/"]}]},{"@type":"BreadcrumbList","@id":"https:\/\/demo.digar.ee\/en\/society-studies\/#breadcrumb","itemListElement":[{"@type":"ListItem","position":1,"name":"Home","item":"https:\/\/demo.digar.ee\/en\/"},{"@type":"ListItem","position":2,"name":"Society studies"}]},{"@type":"WebSite","@id":"https:\/\/demo.digar.ee\/#website","url":"https:\/\/demo.digar.ee\/","name":"DIGAR","description":"","potentialAction":[{"@type":"SearchAction","target":{"@type":"EntryPoint","urlTemplate":"https:\/\/demo.digar.ee\/?s={search_term_string}"},"query-input":{"@type":"PropertyValueSpecification","valueRequired":true,"valueName":"search_term_string"}}],"inLanguage":"en-US"}]}},"_links":{"self":[{"href":"https:\/\/demo.digar.ee\/en\/wp-json\/wp\/v2\/pages\/893","targetHints":{"allow":["GET"]}}],"collection":[{"href":"https:\/\/demo.digar.ee\/en\/wp-json\/wp\/v2\/pages"}],"about":[{"href":"https:\/\/demo.digar.ee\/en\/wp-json\/wp\/v2\/types\/page"}],"author":[{"embeddable":true,"href":"https:\/\/demo.digar.ee\/en\/wp-json\/wp\/v2\/users\/12"}],"replies":[{"embeddable":true,"href":"https:\/\/demo.digar.ee\/en\/wp-json\/wp\/v2\/comments?post=893"}],"version-history":[{"count":5,"href":"https:\/\/demo.digar.ee\/en\/wp-json\/wp\/v2\/pages\/893\/revisions"}],"predecessor-version":[{"id":1773,"href":"https:\/\/demo.digar.ee\/en\/wp-json\/wp\/v2\/pages\/893\/revisions\/1773"}],"up":[{"embeddable":true,"href":"https:\/\/demo.digar.ee\/en\/wp-json\/wp\/v2\/pages\/852"}],"wp:attachment":[{"href":"https:\/\/demo.digar.ee\/en\/wp-json\/wp\/v2\/media?parent=893"}],"curies":[{"name":"wp","href":"https:\/\/api.w.org\/{rel}","templated":true}]}}